{"id":995,"date":"2024-10-18T00:54:50","date_gmt":"2024-10-18T00:54:50","guid":{"rendered":"https:\/\/avecmagie.com\/?page_id=995"},"modified":"2024-10-18T00:54:50","modified_gmt":"2024-10-18T00:54:50","slug":"renard-des-bois","status":"publish","type":"page","link":"https:\/\/avecmagie.com\/en\/boutique\/animaux\/renard-des-bois\/","title":{"rendered":"Renard des bois"},"content":{"rendered":"<div class=\"wp-block-group alignfull has-global-padding is-layout-constrained wp-container-core-group-is-layout-f90d3be4 wp-block-group-is-layout-constrained\" style=\"padding-top:var(--wp--preset--spacing--40);padding-right:var(--wp--preset--spacing--30);padding-bottom:var(--wp--preset--spacing--40);padding-left:var(--wp--preset--spacing--30)\">\n<div class=\"wp-block-columns alignwide are-vertically-aligned-center is-layout-flex wp-container-core-columns-is-layout-658170e2 wp-block-columns-is-layout-flex\">\n<div class=\"wp-block-column is-vertically-aligned-center is-layout-flow wp-block-column-is-layout-flow\" style=\"flex-basis:33%\">\n<figure class=\"wp-block-image size-full wp-duotone-unset-1\"><img loading=\"lazy\" decoding=\"async\" width=\"2061\" height=\"2176\" src=\"https:\/\/avecmagie.com\/wp-content\/uploads\/2024\/10\/Fox_Background@4x.png\" alt=\"Cute fox\" class=\"wp-image-996\" style=\"object-fit:cover\" srcset=\"https:\/\/avecmagie.com\/wp-content\/uploads\/2024\/10\/Fox_Background@4x.png 2061w, https:\/\/avecmagie.com\/wp-content\/uploads\/2024\/10\/Fox_Background@4x-284x300.png 284w, https:\/\/avecmagie.com\/wp-content\/uploads\/2024\/10\/Fox_Background@4x-970x1024.png 970w, https:\/\/avecmagie.com\/wp-content\/uploads\/2024\/10\/Fox_Background@4x-768x811.png 768w, https:\/\/avecmagie.com\/wp-content\/uploads\/2024\/10\/Fox_Background@4x-1455x1536.png 1455w, https:\/\/avecmagie.com\/wp-content\/uploads\/2024\/10\/Fox_Background@4x-1940x2048.png 1940w, https:\/\/avecmagie.com\/wp-content\/uploads\/2024\/10\/Fox_Background@4x-11x12.png 11w\" sizes=\"auto, (max-width: 2061px) 100vw, 2061px\" \/><\/figure>\n<\/div>\n\n\n\n<div class=\"wp-block-column is-vertically-aligned-center is-layout-flow wp-block-column-is-layout-flow\">\n<p class=\"has-small-font-size\"><a href=\"https:\/\/avecmagie.com\/en\/boutique\/\">Shop<\/a> :<br>Category <a data-type=\"page\" data-id=\"125\" href=\"https:\/\/avecmagie.com\/en\/boutique\/animaux\/\">Animals<\/a><\/p>\n\n\n<h1 class=\"wp-block-post-title\">Renard des bois<\/h1>\n\n\n<p class=\"has-large-font-size\">Un malin renard roux.<\/p>\n<\/div>\n<\/div>\n<\/div>\n\n\n\n<div class=\"wp-block-group alignfull has-base-2-background-color has-background has-global-padding is-layout-constrained wp-container-core-group-is-layout-d5d53815 wp-block-group-is-layout-constrained\" style=\"margin-top:0;margin-bottom:0;padding-top:var(--wp--preset--spacing--30);padding-right:var(--wp--preset--spacing--30);padding-bottom:var(--wp--preset--spacing--30);padding-left:var(--wp--preset--spacing--30)\">\n<div class=\"wp-block-columns alignwide are-vertically-aligned-center is-layout-flex wp-container-core-columns-is-layout-47c06fe3 wp-block-columns-is-layout-flex\">\n<div class=\"wp-block-column is-vertically-aligned-center is-layout-flow wp-block-column-is-layout-flow\" style=\"flex-basis:50%\">\n<h2 class=\"wp-block-heading\">Disponible en autocollant et autres produits sur RedBubble<\/h2>\n\n\n\n<p class=\"has-large-font-size\">3$+<\/p>\n\n\n\n<p class=\"has-small-font-size\">Many products available:<\/p>\n\n\n\n<ul style=\"line-height:1.75\" class=\"wp-block-list is-style-checkmark-list\">\n<li>Autocollants, posters, impressions.<\/li>\n\n\n\n<li>Sacs totes, cahiers, \u00e9tuis de t\u00e9l\u00e9phone.<\/li>\n\n\n\n<li>T-shirts, sweaters et autres.<\/li>\n<\/ul>\n\n\n\n<div class=\"wp-block-buttons is-layout-flex wp-block-buttons-is-layout-flex\">\n<div class=\"wp-block-button is-style-fill\"><a class=\"wp-block-button__link wp-element-button\" href=\"https:\/\/www.redbubble.com\/fr\/i\/sticker\/Renard-des-bois-par-emiliewhite\/36567541.EJUG5\" target=\"_blank\" rel=\"noreferrer noopener\">Autocollant<\/a><\/div>\n\n\n\n<div class=\"wp-block-button is-style-outline is-style-outline--2\"><a class=\"wp-block-button__link wp-element-button\" href=\"https:\/\/www.redbubble.com\/fr\/shop\/ap\/36567541\" target=\"_blank\" rel=\"noreferrer noopener\">Tous les produits<\/a><\/div>\n<\/div>\n<\/div>\n\n\n\n<div class=\"wp-block-column is-vertically-aligned-center is-layout-flow wp-block-column-is-layout-flow\" style=\"flex-basis:50%\">\n<figure class=\"wp-block-image size-full is-resized is-style-rounded wp-duotone-unset-4 is-style-rounded--3\"><img loading=\"lazy\" decoding=\"async\" width=\"650\" height=\"867\" src=\"https:\/\/avecmagie.com\/wp-content\/uploads\/2024\/10\/work-36567541-sticker-1.jpg\" alt=\"Fox sticker\" class=\"wp-image-999\" style=\"aspect-ratio:1;object-fit:cover;width:546px;height:auto\" srcset=\"https:\/\/avecmagie.com\/wp-content\/uploads\/2024\/10\/work-36567541-sticker-1.jpg 650w, https:\/\/avecmagie.com\/wp-content\/uploads\/2024\/10\/work-36567541-sticker-1-225x300.jpg 225w, https:\/\/avecmagie.com\/wp-content\/uploads\/2024\/10\/work-36567541-sticker-1-9x12.jpg 9w\" sizes=\"auto, (max-width: 650px) 100vw, 650px\" \/><\/figure>\n<\/div>\n<\/div>\n<\/div>","protected":false},"excerpt":{"rendered":"<p>Boutique :Cat\u00e9gorie Animaux Un malin renard roux. Disponible en autocollant et autres produits sur RedBubble 3$+ Une multitude de produits disponibles :<\/p>","protected":false},"author":2,"featured_media":999,"parent":125,"menu_order":0,"comment_status":"closed","ping_status":"closed","template":"","meta":{"_gspb_post_css":"","_monsterinsights_skip_tracking":false,"_monsterinsights_sitenote_active":false,"_monsterinsights_sitenote_note":"","_monsterinsights_sitenote_category":0,"footnotes":""},"class_list":["post-995","page","type-page","status-publish","has-post-thumbnail","hentry"],"_links":{"self":[{"href":"https:\/\/avecmagie.com\/en\/wp-json\/wp\/v2\/pages\/995","targetHints":{"allow":["GET"]}}],"collection":[{"href":"https:\/\/avecmagie.com\/en\/wp-json\/wp\/v2\/pages"}],"about":[{"href":"https:\/\/avecmagie.com\/en\/wp-json\/wp\/v2\/types\/page"}],"author":[{"embeddable":true,"href":"https:\/\/avecmagie.com\/en\/wp-json\/wp\/v2\/users\/2"}],"replies":[{"embeddable":true,"href":"https:\/\/avecmagie.com\/en\/wp-json\/wp\/v2\/comments?post=995"}],"version-history":[{"count":2,"href":"https:\/\/avecmagie.com\/en\/wp-json\/wp\/v2\/pages\/995\/revisions"}],"predecessor-version":[{"id":1001,"href":"https:\/\/avecmagie.com\/en\/wp-json\/wp\/v2\/pages\/995\/revisions\/1001"}],"up":[{"embeddable":true,"href":"https:\/\/avecmagie.com\/en\/wp-json\/wp\/v2\/pages\/125"}],"wp:featuredmedia":[{"embeddable":true,"href":"https:\/\/avecmagie.com\/en\/wp-json\/wp\/v2\/media\/999"}],"wp:attachment":[{"href":"https:\/\/avecmagie.com\/en\/wp-json\/wp\/v2\/media?parent=995"}],"curies":[{"name":"wp","href":"https:\/\/api.w.org\/{rel}","templated":true}]}}