{"id":960,"date":"2024-10-16T21:37:51","date_gmt":"2024-10-16T21:37:51","guid":{"rendered":"https:\/\/avecmagie.com\/?page_id=960"},"modified":"2024-10-16T21:37:51","modified_gmt":"2024-10-16T21:37:51","slug":"chai-latte-romantasy","status":"publish","type":"page","link":"https:\/\/avecmagie.com\/en\/boutique\/a-la-maison\/chai-latte-romantasy\/","title":{"rendered":"Cha\u00ef latte + Romantasy"},"content":{"rendered":"<div class=\"wp-block-group alignfull has-global-padding is-layout-constrained wp-container-core-group-is-layout-62d94814 wp-block-group-is-layout-constrained\" style=\"padding-top:var(--wp--preset--spacing--40);padding-right:var(--wp--preset--spacing--30);padding-bottom:var(--wp--preset--spacing--40);padding-left:var(--wp--preset--spacing--30)\">\n<div class=\"wp-block-columns alignwide are-vertically-aligned-center is-layout-flex wp-container-core-columns-is-layout-22a8f8d7 wp-block-columns-is-layout-flex\" style=\"padding-top:0;padding-right:0;padding-bottom:0;padding-left:0\">\n<div class=\"wp-block-column is-vertically-aligned-center is-layout-flow wp-block-column-is-layout-flow\" style=\"flex-basis:33%\">\n<figure class=\"wp-block-image size-full wp-duotone-unset-1\"><img loading=\"lazy\" decoding=\"async\" width=\"2752\" height=\"2877\" src=\"https:\/\/avecmagie.com\/wp-content\/uploads\/2024\/10\/Chai-Novel-Dark-Square-Merlot.png\" alt=\"\" class=\"wp-image-968\" style=\"object-fit:cover\" srcset=\"https:\/\/avecmagie.com\/wp-content\/uploads\/2024\/10\/Chai-Novel-Dark-Square-Merlot.png 2752w, https:\/\/avecmagie.com\/wp-content\/uploads\/2024\/10\/Chai-Novel-Dark-Square-Merlot-287x300.png 287w, https:\/\/avecmagie.com\/wp-content\/uploads\/2024\/10\/Chai-Novel-Dark-Square-Merlot-980x1024.png 980w, https:\/\/avecmagie.com\/wp-content\/uploads\/2024\/10\/Chai-Novel-Dark-Square-Merlot-768x803.png 768w, https:\/\/avecmagie.com\/wp-content\/uploads\/2024\/10\/Chai-Novel-Dark-Square-Merlot-1469x1536.png 1469w, https:\/\/avecmagie.com\/wp-content\/uploads\/2024\/10\/Chai-Novel-Dark-Square-Merlot-1959x2048.png 1959w, https:\/\/avecmagie.com\/wp-content\/uploads\/2024\/10\/Chai-Novel-Dark-Square-Merlot-11x12.png 11w\" sizes=\"auto, (max-width: 2752px) 100vw, 2752px\" \/><\/figure>\n<\/div>\n\n\n\n<div class=\"wp-block-column is-vertically-aligned-center is-layout-flow wp-block-column-is-layout-flow\">\n<p class=\"has-small-font-size\"><a href=\"https:\/\/avecmagie.com\/en\/boutique\/\">Shop<\/a> :<br>Collection <a data-type=\"page\" data-id=\"125\" href=\"https:\/\/avecmagie.com\/en\/boutique\/animaux\/\">At home<\/a><\/p>\n\n\n<h1 class=\"wp-block-post-title\">Cha\u00ef latte + Romantasy<\/h1>\n\n\n<p class=\"has-large-font-size\">Ma d\u00e9finition d&rsquo;une journ\u00e9e relax : un cha\u00ef latt\u00e9, une doudou et un roman de romance fantastique.<\/p>\n<\/div>\n<\/div>\n<\/div>\n\n\n\n<div class=\"wp-block-group alignfull has-base-2-background-color has-background has-global-padding is-layout-constrained wp-container-core-group-is-layout-d5d53815 wp-block-group-is-layout-constrained\" style=\"margin-top:0;margin-bottom:0;padding-top:var(--wp--preset--spacing--30);padding-right:var(--wp--preset--spacing--30);padding-bottom:var(--wp--preset--spacing--30);padding-left:var(--wp--preset--spacing--30)\">\n<div class=\"wp-block-columns alignwide is-layout-flex wp-container-core-columns-is-layout-47c06fe3 wp-block-columns-is-layout-flex\">\n<div class=\"wp-block-column is-layout-flow wp-block-column-is-layout-flow\" style=\"flex-basis:50%\">\n<h2 class=\"wp-block-heading\">Disponible sur<br>RedBubble<\/h2>\n\n\n\n<p class=\"has-large-font-size\">60$+<\/p>\n\n\n\n<p class=\"has-small-font-size\">Un cadeau parfait pour :<\/p>\n\n\n\n<ul style=\"line-height:1.75\" class=\"wp-block-list is-style-checkmark-list\">\n<li>Les fans de romances<\/li>\n\n\n\n<li>Les amateurs de fiction fantastique<\/li>\n\n\n\n<li>Les journ\u00e9es cozy<\/li>\n<\/ul>\n\n\n\n<div class=\"wp-block-buttons is-layout-flex wp-block-buttons-is-layout-flex\">\n<div class=\"wp-block-button\"><a class=\"wp-block-button__link wp-element-button\" href=\"https:\/\/www.redbubble.com\/fr\/i\/sweat\/Chai-latte-Romantasy-Lectrice-de-romance-fantasy-et-fan-de-chai-latte-par-emiliewhite\/165114245.6W81E\" target=\"_blank\" rel=\"noreferrer noopener\">Voir le sweatshirt<\/a><\/div>\n\n\n\n<div class=\"wp-block-button is-style-outline is-style-outline--2\"><a class=\"wp-block-button__link wp-element-button\" href=\"https:\/\/www.redbubble.com\/fr\/shop\/ap\/165114245\" target=\"_blank\" rel=\"noreferrer noopener\">Tous les produits<\/a><\/div>\n<\/div>\n<\/div>\n\n\n\n<div class=\"wp-block-column is-layout-flow wp-block-column-is-layout-flow\" style=\"flex-basis:50%\">\n<figure class=\"wp-block-image size-full is-style-rounded wp-duotone-unset-4 is-style-rounded--3\"><img loading=\"lazy\" decoding=\"async\" width=\"1140\" height=\"1140\" src=\"https:\/\/avecmagie.com\/wp-content\/uploads\/2024\/10\/sweater-navy.jpg\" alt=\"\" class=\"wp-image-967\" style=\"aspect-ratio:1;object-fit:cover\" srcset=\"https:\/\/avecmagie.com\/wp-content\/uploads\/2024\/10\/sweater-navy.jpg 1140w, https:\/\/avecmagie.com\/wp-content\/uploads\/2024\/10\/sweater-navy-300x300.jpg 300w, https:\/\/avecmagie.com\/wp-content\/uploads\/2024\/10\/sweater-navy-1024x1024.jpg 1024w, https:\/\/avecmagie.com\/wp-content\/uploads\/2024\/10\/sweater-navy-150x150.jpg 150w, https:\/\/avecmagie.com\/wp-content\/uploads\/2024\/10\/sweater-navy-768x768.jpg 768w, https:\/\/avecmagie.com\/wp-content\/uploads\/2024\/10\/sweater-navy-12x12.jpg 12w\" sizes=\"auto, (max-width: 1140px) 100vw, 1140px\" \/><figcaption class=\"wp-element-caption\">Sweatshirt cozy<\/figcaption><\/figure>\n<\/div>\n<\/div>\n<\/div>","protected":false},"excerpt":{"rendered":"<p>Boutique :Collection \u00c0 la maison Ma d\u00e9finition d&rsquo;une journ\u00e9e relax : un cha\u00ef latt\u00e9, une doudou et un roman de romance fantastique. Disponible surRedBubble 60$+ Un cadeau parfait pour :<\/p>","protected":false},"author":2,"featured_media":967,"parent":377,"menu_order":0,"comment_status":"closed","ping_status":"closed","template":"","meta":{"_gspb_post_css":"","_monsterinsights_skip_tracking":false,"_monsterinsights_sitenote_active":false,"_monsterinsights_sitenote_note":"","_monsterinsights_sitenote_category":0,"footnotes":""},"class_list":["post-960","page","type-page","status-publish","has-post-thumbnail","hentry"],"_links":{"self":[{"href":"https:\/\/avecmagie.com\/en\/wp-json\/wp\/v2\/pages\/960","targetHints":{"allow":["GET"]}}],"collection":[{"href":"https:\/\/avecmagie.com\/en\/wp-json\/wp\/v2\/pages"}],"about":[{"href":"https:\/\/avecmagie.com\/en\/wp-json\/wp\/v2\/types\/page"}],"author":[{"embeddable":true,"href":"https:\/\/avecmagie.com\/en\/wp-json\/wp\/v2\/users\/2"}],"replies":[{"embeddable":true,"href":"https:\/\/avecmagie.com\/en\/wp-json\/wp\/v2\/comments?post=960"}],"version-history":[{"count":1,"href":"https:\/\/avecmagie.com\/en\/wp-json\/wp\/v2\/pages\/960\/revisions"}],"predecessor-version":[{"id":969,"href":"https:\/\/avecmagie.com\/en\/wp-json\/wp\/v2\/pages\/960\/revisions\/969"}],"up":[{"embeddable":true,"href":"https:\/\/avecmagie.com\/en\/wp-json\/wp\/v2\/pages\/377"}],"wp:featuredmedia":[{"embeddable":true,"href":"https:\/\/avecmagie.com\/en\/wp-json\/wp\/v2\/media\/967"}],"wp:attachment":[{"href":"https:\/\/avecmagie.com\/en\/wp-json\/wp\/v2\/media?parent=960"}],"curies":[{"name":"wp","href":"https:\/\/api.w.org\/{rel}","templated":true}]}}