{"id":819,"date":"2024-08-26T20:24:46","date_gmt":"2024-08-26T20:24:46","guid":{"rendered":"https:\/\/avecmagie.com\/?page_id=819"},"modified":"2025-11-07T03:33:02","modified_gmt":"2025-11-07T03:33:02","slug":"a-propos","status":"publish","type":"page","link":"https:\/\/avecmagie.com\/en\/a-propos\/","title":{"rendered":"About me"},"content":{"rendered":"<div class=\"wp-block-group alignfull has-global-padding is-layout-constrained wp-container-core-group-is-layout-de65d514 wp-block-group-is-layout-constrained\" style=\"padding-right:var(--wp--preset--spacing--20);padding-left:var(--wp--preset--spacing--20)\">\n<div class=\"wp-block-columns is-layout-flex wp-container-core-columns-is-layout-9c22b1e3 wp-block-columns-is-layout-flex\">\n<div class=\"wp-block-column is-vertically-aligned-center is-layout-flow wp-block-column-is-layout-flow\" style=\"padding-top:0;padding-right:var(--wp--preset--spacing--30);padding-bottom:0;padding-left:var(--wp--preset--spacing--30)\">\n<div class=\"wp-block-group alignfull is-vertical is-content-justification-left is-layout-flex wp-container-core-group-is-layout-2b951659 wp-block-group-is-layout-flex\" style=\"padding-top:0;padding-right:0;padding-bottom:var(--wp--preset--spacing--40);padding-left:0\">\n<h1 class=\"wp-block-heading has-text-align-left has-medium-font-size\" id=\"a-propos\" style=\"margin-top:var(--wp--preset--spacing--40);margin-bottom:0;font-style:normal;font-weight:400\">\u00c0 PROPOS<\/h1>\n\n\n\n<p class=\"has-text-align-left has-ms-madi-font-family has-xx-large-font-size\" style=\"padding-top:0;padding-bottom:0;font-style:normal;font-weight:700\">Hello les magiciens,<\/p>\n\n\n\n<p class=\"has-text-align-left has-small-font-size\" style=\"padding-top:0;padding-bottom:0\">Based in Trois-Rivi\u00e8res, Qu\u00e9bec, I am a <a href=\"https:\/\/avecmagie.com\/en\/services\/\" data-type=\"page\" data-id=\"387\"><strong>designer graphique<\/strong><\/a>, avec de l&rsquo;exp\u00e9rience en design de produit digital. Je suis anim\u00e9e d\u2019une passion pour cr\u00e9er et <strong>finding the best way to express a message or an emotion<\/strong>.<\/p>\n\n\n\n<p class=\"has-text-align-left has-small-font-size\" style=\"padding-top:0;padding-bottom:0\">Je m&rsquo;amuse \u00e0 cr\u00e9er des <a href=\"https:\/\/avecmagie.com\/en\/boutique\/\" data-type=\"page\" data-id=\"38\"><strong>illustrations<\/strong><\/a> inspir\u00e9es de voyages, de roadtrips et de moments o\u00f9 la po\u00e9sie se d\u00e9pose dans le quotidien. J\u2019esp\u00e8re que cette magie vous rejoindra aussi.<\/p>\n\n\n\n<p class=\"has-text-align-left has-contrast-color has-text-color has-link-color has-ms-madi-font-family has-x-large-font-size wp-elements-d5a0af8300d1ead89c0f47e344eba957\" style=\"padding-top:var(--wp--preset--spacing--10);padding-bottom:var(--wp--preset--spacing--10)\">Ciao, \u00c9milie<\/p>\n\n\n\n<div class=\"gspb_button_wrapper gspb_button-id-gsbp-a7f5f2d\" id=\"gspb_button-id-gsbp-a7f5f2d\"><a class=\"wp-block-greenshift-blocks-buttonbox gspb-buttonbox wp-element-button\" data-aos=\"flip-up\" data-aos-easing=\"ease\" data-aos-duration=\"500\" data-aos-once=\"true\" href=\"https:\/\/avecmagie.com\/en\/contact\/\" rel=\"noopener\"><span class=\"gspb-buttonbox-textwrap\"><span class=\"gspb-buttonbox-text\"><span class=\"gspb-buttonbox-title\">Contact me<\/span><\/span><\/span><\/a><\/div>\n<\/div>\n<\/div>\n\n\n\n<div class=\"wp-block-column is-vertically-aligned-center is-layout-flow wp-block-column-is-layout-flow\" style=\"padding-top:var(--wp--preset--spacing--30);padding-right:var(--wp--preset--spacing--10);padding-bottom:0;padding-left:var(--wp--preset--spacing--10);flex-basis:250px\">\n<div class=\"wp-block-greenshift-blocks-image gspb_image gspb_image-id-gsbp-b7a0a3f\" id=\"gspb_image-id-gsbp-b7a0a3f\"><img decoding=\"async\" src=\"https:\/\/avecmagie.com\/wp-content\/uploads\/2025\/05\/IMG_2661-EDIT-scaled.jpg\" data-src=\"\" alt=\"\u00c9milie et Westfalia\" loading=\"lazy\" width=\"175\" height=\"768\" data-aos=\"fade-up-blur\" data-aos-easing=\"ease\" data-aos-duration=\"800\" data-aos-once=\"true\"\/><\/div>\n\n\n\n<div class=\"wp-block-greenshift-blocks-image gspb_image gspb_image-id-gsbp-28651cd\" id=\"gspb_image-id-gsbp-28651cd\"><img decoding=\"async\" src=\"https:\/\/avecmagie.com\/wp-content\/uploads\/2025\/08\/EmilieInterfacePortrait-scaled.jpg\" data-src=\"\" alt=\"\" loading=\"lazy\" width=\"175\" height=\"1024\" data-aos=\"fade-up-blur\" data-aos-easing=\"ease\" data-aos-duration=\"800\" data-aos-once=\"true\"\/><\/div>\n\n\n\n<div class=\"wp-block-greenshift-blocks-image gspb_image gspb_image-id-gsbp-771419f\" id=\"gspb_image-id-gsbp-771419f\"><img decoding=\"async\" src=\"https:\/\/avecmagie.com\/wp-content\/uploads\/2025\/05\/DSC_0359-2-scaled.jpg\" data-src=\"\" alt=\"\u00c0 Chefchaouen\" loading=\"lazy\" width=\"175\" height=\"683\" data-aos=\"fade-up-blur\" data-aos-easing=\"ease\" data-aos-duration=\"800\" data-aos-once=\"true\"\/><\/div>\n\n\n\n<div class=\"wp-block-greenshift-blocks-image gspb_image gspb_image-id-gsbp-80cfb4a\" id=\"gspb_image-id-gsbp-80cfb4a\"><img decoding=\"async\" src=\"https:\/\/avecmagie.com\/wp-content\/uploads\/2024\/07\/avocado-tree.png\" data-src=\"\" alt=\"\" loading=\"lazy\" width=\"75\" height=\"284\" data-aos=\"fade-up-blur\" data-aos-easing=\"ease\" data-aos-duration=\"800\" data-aos-once=\"true\"\/><\/div>\n<\/div>\n<\/div>\n<\/div>\n\n\n\n<div class=\"wp-block-group alignfull zigzagbox has-background has-global-padding is-layout-constrained wp-block-group-is-layout-constrained\" style=\"background-color:#98aad7;padding-top:var(--wp--preset--spacing--50);padding-bottom:var(--wp--preset--spacing--50)\"><\/div>","protected":false},"excerpt":{"rendered":"<p>\u00c0 PROPOS Hello les magiciens, Bas\u00e9e \u00e0 Trois-Rivi\u00e8res, QC, je suis designer graphique, avec de l&rsquo;exp\u00e9rience en design de produit digital. Je suis anim\u00e9e d\u2019une passion pour cr\u00e9er et trouver la meilleure fa\u00e7on d&rsquo;exprimer un message ou une \u00e9motion. Je m&rsquo;amuse \u00e0 cr\u00e9er des illustrations inspir\u00e9es de voyages, de roadtrips et de moments o\u00f9 la [&hellip;]<\/p>\n","protected":false},"author":2,"featured_media":0,"parent":0,"menu_order":0,"comment_status":"closed","ping_status":"closed","template":"","meta":{"_gspb_post_css":"#gspb_button-id-gsbp-a7f5f2d{display:flex;justify-content:center}#gspb_button-id-gsbp-a7f5f2d .gspb-buttonbox-text{display:flex;flex-direction:column}#gspb_button-id-gsbp-a7f5f2d>.gspb-buttonbox,#gspb_image-id-gsbp-b7a0a3f img{box-sizing:border-box;transition-timing-function:var(--gs-root-animation-easing, cubic-bezier(0.42, 0, 0.58, 1));opacity:var(--gs-root-animation-opacity, 0)}#gspb_button-id-gsbp-a7f5f2d>.gspb-buttonbox{background-color:var(--wp--preset--color--contrast, #333333);transition-duration:.5s;backface-visibility:hidden;transition-property:opacity,transform;transform:var(--gs-root-animation-transform, perspective(2500px) rotateX(-60deg) translate3d(0, 30px, 0))}#gspb_button-id-gsbp-a7f5f2d>.gspb-buttonbox.aos-animate,#gspb_button-id-gsbp-a7f5f2d>.gspb-buttonbox[data-gs-aos]{transform:perspective(2500px) rotateX(0) translateZ(0);opacity:1}#gspb_image-id-gsbp-b7a0a3f{text-align:center;margin-bottom:-75px;margin-left:-45px}#gspb_image-id-gsbp-b7a0a3f img{object-fit:cover;object-position:28.999999999999996% 39%;vertical-align:top;display:inline-block;max-width:100%;border-top-left-radius:250px;border-top-right-radius:250px;border-bottom-right-radius:250px;border-bottom-left-radius:250px;transition-duration:.8s;transition-property:opacity,transform,filter;transform:var(--gs-root-animation-transform, translate3d(0, calc(max(50px, 15%)), 0));filter:blur(10px);width:175px;aspect-ratio:1\/1}@media (max-width:991.98px){#gspb_image-id-gsbp-b7a0a3f img{aspect-ratio:1\/1}}@media (max-width:767.98px){#gspb_image-id-gsbp-b7a0a3f img{aspect-ratio:1\/1}}@media (max-width:575.98px){#gspb_image-id-gsbp-b7a0a3f img{aspect-ratio:1\/1}}#gspb_image-id-gsbp-b7a0a3f,#gspb_image-id-gsbp-b7a0a3f img{height:auto}@media (max-width:991.98px){#gspb_image-id-gsbp-b7a0a3f,#gspb_image-id-gsbp-b7a0a3f img{height:auto}}@media (max-width:767.98px){#gspb_image-id-gsbp-b7a0a3f,#gspb_image-id-gsbp-b7a0a3f img{height:auto}}@media (max-width:575.98px){#gspb_image-id-gsbp-b7a0a3f,#gspb_image-id-gsbp-b7a0a3f img{height:auto}}#gspb_image-id-gsbp-28651cd{text-align:center;margin-right:-115px;margin-bottom:-125px}#gspb_image-id-gsbp-28651cd img{object-fit:cover;object-position:69% 25%;vertical-align:top;display:inline-block;box-sizing:border-box;max-width:100%;border-top-left-radius:250px;border-top-right-radius:250px;border-bottom-right-radius:250px;border-bottom-left-radius:250px;transition-duration:.8s;transition-timing-function:var(--gs-root-animation-easing, cubic-bezier(0.42, 0, 0.58, 1));opacity:var(--gs-root-animation-opacity, 0);transition-property:opacity,transform,filter;transform:var(--gs-root-animation-transform, translate3d(0, calc(max(50px, 15%)), 0));filter:blur(10px);width:175px;aspect-ratio:1\/1}#gspb_image-id-gsbp-28651cd img.aos-animate,#gspb_image-id-gsbp-28651cd img[data-gs-aos],#gspb_image-id-gsbp-b7a0a3f img.aos-animate,#gspb_image-id-gsbp-b7a0a3f img[data-gs-aos]{opacity:1;transform:translateZ(0);filter:blur(0)}@media (max-width:991.98px){#gspb_image-id-gsbp-28651cd img{aspect-ratio:1\/1}}@media (max-width:767.98px){#gspb_image-id-gsbp-28651cd img{aspect-ratio:1\/1}}@media (max-width:575.98px){#gspb_image-id-gsbp-28651cd img{aspect-ratio:1\/1}}#gspb_image-id-gsbp-28651cd,#gspb_image-id-gsbp-28651cd img{height:auto}@media (max-width:991.98px){#gspb_image-id-gsbp-28651cd,#gspb_image-id-gsbp-28651cd img{height:auto}}@media (max-width:767.98px){#gspb_image-id-gsbp-28651cd,#gspb_image-id-gsbp-28651cd img{height:auto}}@media (max-width:575.98px){#gspb_image-id-gsbp-28651cd,#gspb_image-id-gsbp-28651cd img{height:auto}}#gspb_image-id-gsbp-771419f{text-align:center;margin-bottom:-104px;margin-left:-105px}#gspb_image-id-gsbp-771419f img{object-fit:cover;object-position:69% 25%;vertical-align:top;display:inline-block;box-sizing:border-box;max-width:100%;border-top-left-radius:250px;border-top-right-radius:250px;border-bottom-right-radius:250px;border-bottom-left-radius:250px;transition-duration:.8s;transition-timing-function:var(--gs-root-animation-easing, cubic-bezier(0.42, 0, 0.58, 1));opacity:var(--gs-root-animation-opacity, 0);transition-property:opacity,transform,filter;transform:var(--gs-root-animation-transform, translate3d(0, calc(max(50px, 15%)), 0));filter:blur(10px);width:175px;aspect-ratio:1\/1}@media (max-width:991.98px){#gspb_image-id-gsbp-771419f img{aspect-ratio:1\/1}}@media (max-width:767.98px){#gspb_image-id-gsbp-771419f img{aspect-ratio:1\/1}}@media (max-width:575.98px){#gspb_image-id-gsbp-771419f img{aspect-ratio:1\/1}}#gspb_image-id-gsbp-771419f,#gspb_image-id-gsbp-771419f img{height:auto}@media (max-width:991.98px){#gspb_image-id-gsbp-771419f,#gspb_image-id-gsbp-771419f img{height:auto}}@media (max-width:767.98px){#gspb_image-id-gsbp-771419f,#gspb_image-id-gsbp-771419f img{height:auto}}@media (max-width:575.98px){#gspb_image-id-gsbp-771419f,#gspb_image-id-gsbp-771419f img{height:auto}}#gspb_image-id-gsbp-80cfb4a{text-align:right;margin-top:0}#gspb_image-id-gsbp-80cfb4a img{object-fit:cover;object-position:69% 25%;vertical-align:top;display:inline-block;box-sizing:border-box;max-width:100%;border-top-left-radius:0;border-top-right-radius:0;border-bottom-right-radius:0;border-bottom-left-radius:0;transition-duration:.8s;transition-timing-function:var(--gs-root-animation-easing, cubic-bezier(0.42, 0, 0.58, 1));opacity:var(--gs-root-animation-opacity, 0);transition-property:opacity,transform,filter;transform:var(--gs-root-animation-transform, translate3d(0, calc(max(50px, 15%)), 0));filter:blur(10px);width:75px}#gspb_image-id-gsbp-771419f img.aos-animate,#gspb_image-id-gsbp-771419f img[data-gs-aos],#gspb_image-id-gsbp-80cfb4a img.aos-animate,#gspb_image-id-gsbp-80cfb4a img[data-gs-aos]{opacity:1;transform:translateZ(0);filter:blur(0)}#gspb_image-id-gsbp-80cfb4a,#gspb_image-id-gsbp-80cfb4a img{height:auto}@media (max-width:991.98px){#gspb_image-id-gsbp-80cfb4a,#gspb_image-id-gsbp-80cfb4a img{height:auto}}@media (max-width:767.98px){#gspb_image-id-gsbp-80cfb4a,#gspb_image-id-gsbp-80cfb4a img{height:auto}}@media (max-width:575.98px){#gspb_image-id-gsbp-80cfb4a,#gspb_image-id-gsbp-80cfb4a img{height:auto}}","_monsterinsights_skip_tracking":false,"_monsterinsights_sitenote_active":false,"_monsterinsights_sitenote_note":"","_monsterinsights_sitenote_category":0,"footnotes":""},"class_list":["post-819","page","type-page","status-publish","hentry"],"_links":{"self":[{"href":"https:\/\/avecmagie.com\/en\/wp-json\/wp\/v2\/pages\/819","targetHints":{"allow":["GET"]}}],"collection":[{"href":"https:\/\/avecmagie.com\/en\/wp-json\/wp\/v2\/pages"}],"about":[{"href":"https:\/\/avecmagie.com\/en\/wp-json\/wp\/v2\/types\/page"}],"author":[{"embeddable":true,"href":"https:\/\/avecmagie.com\/en\/wp-json\/wp\/v2\/users\/2"}],"replies":[{"embeddable":true,"href":"https:\/\/avecmagie.com\/en\/wp-json\/wp\/v2\/comments?post=819"}],"version-history":[{"count":131,"href":"https:\/\/avecmagie.com\/en\/wp-json\/wp\/v2\/pages\/819\/revisions"}],"predecessor-version":[{"id":2795,"href":"https:\/\/avecmagie.com\/en\/wp-json\/wp\/v2\/pages\/819\/revisions\/2795"}],"wp:attachment":[{"href":"https:\/\/avecmagie.com\/en\/wp-json\/wp\/v2\/media?parent=819"}],"curies":[{"name":"wp","href":"https:\/\/api.w.org\/{rel}","templated":true}]}}