{"id":804,"date":"2024-08-09T18:39:35","date_gmt":"2024-08-09T18:39:35","guid":{"rendered":"https:\/\/avecmagie.com\/?page_id=804"},"modified":"2024-10-18T00:33:03","modified_gmt":"2024-10-18T00:33:03","slug":"maitre-du-bbq","status":"publish","type":"page","link":"https:\/\/avecmagie.com\/en\/boutique\/a-la-maison\/maitre-du-bbq\/","title":{"rendered":"Barbecue Master"},"content":{"rendered":"<div class=\"wp-block-columns alignwide are-vertically-aligned-center is-layout-flex wp-container-core-columns-is-layout-e2c135e5 wp-block-columns-is-layout-flex\" style=\"margin-top:var(--wp--preset--spacing--40);margin-bottom:var(--wp--preset--spacing--40)\">\n<div class=\"wp-block-column is-vertically-aligned-center is-layout-flow wp-block-column-is-layout-flow\" style=\"flex-basis:33%\">\n<figure class=\"wp-block-image size-full wp-duotone-unset-1\"><img loading=\"lazy\" decoding=\"async\" width=\"2560\" height=\"2560\" src=\"https:\/\/avecmagie.com\/wp-content\/uploads\/2024\/08\/BBQmaster_background_square-scaled.jpg\" alt=\"\" class=\"wp-image-805\" style=\"object-fit:cover\" srcset=\"https:\/\/avecmagie.com\/wp-content\/uploads\/2024\/08\/BBQmaster_background_square-scaled.jpg 2560w, https:\/\/avecmagie.com\/wp-content\/uploads\/2024\/08\/BBQmaster_background_square-300x300.jpg 300w, https:\/\/avecmagie.com\/wp-content\/uploads\/2024\/08\/BBQmaster_background_square-1024x1024.jpg 1024w, https:\/\/avecmagie.com\/wp-content\/uploads\/2024\/08\/BBQmaster_background_square-150x150.jpg 150w, https:\/\/avecmagie.com\/wp-content\/uploads\/2024\/08\/BBQmaster_background_square-768x768.jpg 768w, https:\/\/avecmagie.com\/wp-content\/uploads\/2024\/08\/BBQmaster_background_square-1536x1536.jpg 1536w, https:\/\/avecmagie.com\/wp-content\/uploads\/2024\/08\/BBQmaster_background_square-2048x2048.jpg 2048w, https:\/\/avecmagie.com\/wp-content\/uploads\/2024\/08\/BBQmaster_background_square-12x12.jpg 12w\" sizes=\"auto, (max-width: 2560px) 100vw, 2560px\" \/><\/figure>\n<\/div>\n\n\n\n<div class=\"wp-block-column is-vertically-aligned-center is-layout-flow wp-block-column-is-layout-flow\">\n<p class=\"has-small-font-size\"><a href=\"https:\/\/avecmagie.com\/en\/boutique\/\">Shop<\/a> :<br>Collection <a href=\"https:\/\/avecmagie.com\/en\/boutique\/a-la-maison\/\">At home<\/a><\/p>\n\n\n<h1 class=\"wp-block-post-title\">Barbecue Master<\/h1>\n\n\n<p class=\"has-large-font-size\">Cooking in summer happens outside. The BBQ and smoker welcome grilled meats, culinary experiments and good times with friends.<\/p>\n\n\n\n<p class=\"has-small-font-size\">\u00c9milie:<br>\u00ab\u00a0Chez nous c&rsquo;est mon chum le pro du grill. Je pensais \u00e0 lui quand j&rsquo;ai fait cette illu.\u00a0\u00bb<\/p>\n<\/div>\n<\/div>\n\n\n\n<div class=\"wp-block-group alignfull has-base-2-background-color has-background has-global-padding is-layout-constrained wp-container-core-group-is-layout-d5d53815 wp-block-group-is-layout-constrained\" style=\"margin-top:0;margin-bottom:0;padding-top:var(--wp--preset--spacing--30);padding-right:var(--wp--preset--spacing--30);padding-bottom:var(--wp--preset--spacing--30);padding-left:var(--wp--preset--spacing--30)\">\n<div class=\"wp-block-columns alignwide is-layout-flex wp-container-core-columns-is-layout-47c06fe3 wp-block-columns-is-layout-flex\">\n<div class=\"wp-block-column is-layout-flow wp-block-column-is-layout-flow\" style=\"flex-basis:50%\">\n<h2 class=\"wp-block-heading\">Available as a sweater on Etsy<\/h2>\n\n\n\n<p class=\"has-large-font-size\">43$+<\/p>\n\n\n\n<p class=\"has-small-font-size\">A smart gift for:<\/p>\n\n\n\n<ul style=\"line-height:1.75\" class=\"wp-block-list is-style-checkmark-list\">\n<li>The grill enthusiast in your family<\/li>\n\n\n\n<li>Your favorite BBQ Master<\/li>\n\n\n\n<li>A meat smoking lover<\/li>\n<\/ul>\n\n\n\n<div class=\"wp-block-buttons is-layout-flex wp-block-buttons-is-layout-flex\">\n<div class=\"wp-block-button\"><a class=\"wp-block-button__link wp-element-button\" href=\"https:\/\/emilieavecmagie.etsy.com\/listing\/1795693883\" target=\"_blank\" rel=\"noreferrer noopener\">View on Etsy<\/a><\/div>\n<\/div>\n<\/div>\n\n\n\n<div class=\"wp-block-column is-layout-flow wp-block-column-is-layout-flow\" style=\"flex-basis:50%\">\n<figure class=\"wp-block-image size-full is-style-rounded wp-duotone-unset-3 is-style-rounded--2\"><img loading=\"lazy\" decoding=\"async\" width=\"2048\" height=\"2048\" src=\"https:\/\/avecmagie.com\/wp-content\/uploads\/2024\/09\/Front-1.jpeg\" alt=\"\" class=\"wp-image-922\" style=\"aspect-ratio:1;object-fit:cover\" srcset=\"https:\/\/avecmagie.com\/wp-content\/uploads\/2024\/09\/Front-1.jpeg 2048w, https:\/\/avecmagie.com\/wp-content\/uploads\/2024\/09\/Front-1-300x300.jpeg 300w, https:\/\/avecmagie.com\/wp-content\/uploads\/2024\/09\/Front-1-1024x1024.jpeg 1024w, https:\/\/avecmagie.com\/wp-content\/uploads\/2024\/09\/Front-1-150x150.jpeg 150w, https:\/\/avecmagie.com\/wp-content\/uploads\/2024\/09\/Front-1-768x768.jpeg 768w, https:\/\/avecmagie.com\/wp-content\/uploads\/2024\/09\/Front-1-1536x1536.jpeg 1536w, https:\/\/avecmagie.com\/wp-content\/uploads\/2024\/09\/Front-1-12x12.jpeg 12w\" sizes=\"auto, (max-width: 2048px) 100vw, 2048px\" \/><figcaption class=\"wp-element-caption\">Etsy<\/figcaption><\/figure>\n<\/div>\n<\/div>\n<\/div>\n\n\n\n<div class=\"wp-block-group alignfull has-base-background-color has-background has-global-padding is-layout-constrained wp-container-core-group-is-layout-d5d53815 wp-block-group-is-layout-constrained\" style=\"margin-top:0;margin-bottom:0;padding-top:var(--wp--preset--spacing--30);padding-right:var(--wp--preset--spacing--30);padding-bottom:var(--wp--preset--spacing--30);padding-left:var(--wp--preset--spacing--30)\">\n<div class=\"wp-block-columns alignwide are-vertically-aligned-center is-layout-flex wp-container-core-columns-is-layout-47c06fe3 wp-block-columns-is-layout-flex\">\n<div class=\"wp-block-column is-vertically-aligned-center is-layout-flow wp-block-column-is-layout-flow\" style=\"flex-basis:50%\">\n<h2 class=\"wp-block-heading\">Available as an apron and other products on RedBubble<\/h2>\n\n\n\n<p class=\"has-large-font-size\">36$+<\/p>\n\n\n\n<p class=\"has-small-font-size\">Many products available:<\/p>\n\n\n\n<ul style=\"line-height:1.75\" class=\"wp-block-list is-style-checkmark-list\">\n<li>T-shirts<\/li>\n\n\n\n<li>Apron<\/li>\n\n\n\n<li>Notebooks and more<\/li>\n<\/ul>\n\n\n\n<div class=\"wp-block-buttons is-layout-flex wp-block-buttons-is-layout-flex\">\n<div class=\"wp-block-button\"><a class=\"wp-block-button__link wp-element-button\" href=\"https:\/\/www.redbubble.com\/fr\/i\/tablier\/Ma%C3%AEtre-du-BBQ-par-emiliewhite\/163677065.6ZXWR\" target=\"_blank\" rel=\"noreferrer noopener\">View on RedBubble<\/a><\/div>\n<\/div>\n<\/div>\n\n\n\n<div class=\"wp-block-column is-vertically-aligned-center is-layout-flow wp-block-column-is-layout-flow\" style=\"flex-basis:50%\">\n<figure class=\"wp-block-image size-full is-style-rounded wp-duotone-unset-5 is-style-rounded--4\"><img loading=\"lazy\" decoding=\"async\" width=\"1000\" height=\"1000\" src=\"https:\/\/avecmagie.com\/wp-content\/uploads\/2024\/09\/work-163677065-tablier.jpg\" alt=\"\" class=\"wp-image-923\" style=\"aspect-ratio:1;object-fit:cover\" srcset=\"https:\/\/avecmagie.com\/wp-content\/uploads\/2024\/09\/work-163677065-tablier.jpg 1000w, https:\/\/avecmagie.com\/wp-content\/uploads\/2024\/09\/work-163677065-tablier-300x300.jpg 300w, https:\/\/avecmagie.com\/wp-content\/uploads\/2024\/09\/work-163677065-tablier-150x150.jpg 150w, https:\/\/avecmagie.com\/wp-content\/uploads\/2024\/09\/work-163677065-tablier-768x768.jpg 768w, https:\/\/avecmagie.com\/wp-content\/uploads\/2024\/09\/work-163677065-tablier-12x12.jpg 12w\" sizes=\"auto, (max-width: 1000px) 100vw, 1000px\" \/><figcaption class=\"wp-element-caption\">RedBubble<\/figcaption><\/figure>\n<\/div>\n<\/div>\n<\/div>\n\n\n\n<div class=\"wp-block-group alignfull has-background has-global-padding is-layout-constrained wp-container-core-group-is-layout-d5d53815 wp-block-group-is-layout-constrained\" style=\"background:linear-gradient(135deg,rgb(235,235,235) 0%,rgb(235,235,235) 100%);margin-top:0;margin-bottom:0;padding-top:var(--wp--preset--spacing--30);padding-right:var(--wp--preset--spacing--30);padding-bottom:var(--wp--preset--spacing--30);padding-left:var(--wp--preset--spacing--30)\">\n<div class=\"wp-block-columns alignwide are-vertically-aligned-center is-layout-flex wp-container-core-columns-is-layout-47c06fe3 wp-block-columns-is-layout-flex\">\n<div class=\"wp-block-column is-vertically-aligned-center is-layout-flow wp-block-column-is-layout-flow\" style=\"flex-basis:50%\">\n<h2 class=\"wp-block-heading\">Available as wall art on Society6<\/h2>\n\n\n\n<p class=\"has-large-font-size\">20$+<\/p>\n\n\n\n<p class=\"has-small-font-size\">This site offers nice options for wall art.<\/p>\n\n\n\n<ul style=\"line-height:1.75\" class=\"wp-block-list is-style-checkmark-list\">\n<li>Quality frames and art prints.<\/li>\n\n\n\n<li>Ready-to-hang products.<\/li>\n\n\n\n<li>Multiple options with or without frame.<\/li>\n<\/ul>\n\n\n\n<div class=\"wp-block-buttons is-layout-flex wp-block-buttons-is-layout-flex\">\n<div class=\"wp-block-button\"><a class=\"wp-block-button__link wp-element-button\" href=\"https:\/\/society6.com\/art\/barbecue-master\" target=\"_blank\" rel=\"noreferrer noopener\">View wall art<\/a><\/div>\n<\/div>\n<\/div>\n\n\n\n<div class=\"wp-block-column is-vertically-aligned-center is-layout-flow wp-block-column-is-layout-flow\" style=\"flex-basis:50%\">\n<figure class=\"wp-block-image size-full is-style-rounded wp-duotone-unset-7 is-style-rounded--6\"><img loading=\"lazy\" decoding=\"async\" width=\"700\" height=\"700\" src=\"https:\/\/avecmagie.com\/wp-content\/uploads\/2024\/08\/barbecue-master-framed-mini-art-prints.webp\" alt=\"\" class=\"wp-image-806\" style=\"aspect-ratio:1;object-fit:cover\" srcset=\"https:\/\/avecmagie.com\/wp-content\/uploads\/2024\/08\/barbecue-master-framed-mini-art-prints.webp 700w, https:\/\/avecmagie.com\/wp-content\/uploads\/2024\/08\/barbecue-master-framed-mini-art-prints-300x300.webp 300w, https:\/\/avecmagie.com\/wp-content\/uploads\/2024\/08\/barbecue-master-framed-mini-art-prints-150x150.webp 150w, https:\/\/avecmagie.com\/wp-content\/uploads\/2024\/08\/barbecue-master-framed-mini-art-prints-12x12.webp 12w\" sizes=\"auto, (max-width: 700px) 100vw, 700px\" \/><figcaption class=\"wp-element-caption\">Wall art on Society6<\/figcaption><\/figure>\n<\/div>\n<\/div>\n<\/div>","protected":false},"excerpt":{"rendered":"<p>Boutique :Collection \u00c0 la maison La cuisine l&rsquo;\u00e9t\u00e9, c&rsquo;est dehors. Le barbecue et le fumoir accueillent grillades, exp\u00e9riences culinaires et bon temps entre amis. \u00c9milie :\u00ab\u00a0Chez nous c&rsquo;est mon chum le pro du grill. Je pensais \u00e0 lui quand j&rsquo;ai fait cette illu.\u00a0\u00bb Disponible en coton ouat\u00e9 sur Etsy 43$+ Un cadeau fut\u00e9 pour : [&hellip;]<\/p>\n","protected":false},"author":2,"featured_media":923,"parent":377,"menu_order":0,"comment_status":"closed","ping_status":"closed","template":"","meta":{"_gspb_post_css":"","_monsterinsights_skip_tracking":false,"_monsterinsights_sitenote_active":false,"_monsterinsights_sitenote_note":"","_monsterinsights_sitenote_category":0,"footnotes":""},"class_list":["post-804","page","type-page","status-publish","has-post-thumbnail","hentry"],"_links":{"self":[{"href":"https:\/\/avecmagie.com\/en\/wp-json\/wp\/v2\/pages\/804","targetHints":{"allow":["GET"]}}],"collection":[{"href":"https:\/\/avecmagie.com\/en\/wp-json\/wp\/v2\/pages"}],"about":[{"href":"https:\/\/avecmagie.com\/en\/wp-json\/wp\/v2\/types\/page"}],"author":[{"embeddable":true,"href":"https:\/\/avecmagie.com\/en\/wp-json\/wp\/v2\/users\/2"}],"replies":[{"embeddable":true,"href":"https:\/\/avecmagie.com\/en\/wp-json\/wp\/v2\/comments?post=804"}],"version-history":[{"count":4,"href":"https:\/\/avecmagie.com\/en\/wp-json\/wp\/v2\/pages\/804\/revisions"}],"predecessor-version":[{"id":925,"href":"https:\/\/avecmagie.com\/en\/wp-json\/wp\/v2\/pages\/804\/revisions\/925"}],"up":[{"embeddable":true,"href":"https:\/\/avecmagie.com\/en\/wp-json\/wp\/v2\/pages\/377"}],"wp:featuredmedia":[{"embeddable":true,"href":"https:\/\/avecmagie.com\/en\/wp-json\/wp\/v2\/media\/923"}],"wp:attachment":[{"href":"https:\/\/avecmagie.com\/en\/wp-json\/wp\/v2\/media?parent=804"}],"curies":[{"name":"wp","href":"https:\/\/api.w.org\/{rel}","templated":true}]}}