{"id":2359,"date":"2025-05-10T00:23:03","date_gmt":"2025-05-10T00:23:03","guid":{"rendered":"https:\/\/avecmagie.com\/?page_id=2359"},"modified":"2026-01-22T23:08:24","modified_gmt":"2026-01-22T23:08:24","slug":"au-nord-du-pont","status":"publish","type":"page","link":"https:\/\/avecmagie.com\/en\/shop\/au-nord-du-pont\/","title":{"rendered":"Au nord du pont"},"content":{"rendered":"<style><\/style><style><\/style>\n<div style=\"height:50px\" aria-hidden=\"true\" class=\"wp-block-spacer\"><\/div>\n\n\n<h1 style=\"font-size:clamp(2.629rem, 2.629rem + ((1vw - 0.2rem) * 3.952), 5rem);\" class=\"has-text-align-center wp-block-post-title has-ms-madi-font-family\">Au nord du pont<\/h1>\n\n\n<p class=\"has-text-align-center has-large-font-size\" style=\"margin-top:0;margin-bottom:0;padding-top:0;padding-bottom:0\">Collection<\/p>\n\n\n\n<p class=\"has-text-align-center\" style=\"margin-top:0;margin-bottom:0;padding-top:0;padding-bottom:0\">Trois-Rivi\u00e8res, chez nous. Collection 2025. Parce que c\u2019est un bon point de d\u00e9part avant de partir en p\u00e9riple. Et aussi parce que quand on commence \u00e0 chercher de la magie, on en trouve partout dans les lieux qui enveloppent les aventures de la routine et l\u2019amour au quotidien.<\/p>\n\n\n\n<div style=\"height:var(--wp--preset--spacing--30)\" aria-hidden=\"true\" class=\"wp-block-spacer\"><\/div>\n\n\n\n<div class=\"wp-block-group alignfull is-layout-grid wp-container-core-group-is-layout-f835b153 wp-block-group-is-layout-grid\" style=\"margin-top:0;margin-bottom:0;padding-top:0;padding-right:var(--wp--preset--spacing--20);padding-bottom:0;padding-left:var(--wp--preset--spacing--20)\">\n<div class=\"wp-block-group is-vertical is-content-justification-center is-nowrap is-layout-flex wp-container-core-group-is-layout-b1ed2fa5 wp-block-group-is-layout-flex\" style=\"margin-top:0;margin-bottom:0\">\n<figure class=\"wp-block-image size-full is-style-rounded wp-duotone-unset-2 is-style-rounded--1\"><img loading=\"lazy\" decoding=\"async\" width=\"1904\" height=\"1905\" src=\"https:\/\/avecmagie.com\/wp-content\/uploads\/2025\/05\/Rue_des_Ursulines_frame.jpg\" alt=\"\" class=\"wp-image-2361\" style=\"aspect-ratio:1;object-fit:cover\" srcset=\"https:\/\/avecmagie.com\/wp-content\/uploads\/2025\/05\/Rue_des_Ursulines_frame.jpg 1904w, https:\/\/avecmagie.com\/wp-content\/uploads\/2025\/05\/Rue_des_Ursulines_frame-300x300.jpg 300w, https:\/\/avecmagie.com\/wp-content\/uploads\/2025\/05\/Rue_des_Ursulines_frame-1024x1024.jpg 1024w, https:\/\/avecmagie.com\/wp-content\/uploads\/2025\/05\/Rue_des_Ursulines_frame-150x150.jpg 150w, https:\/\/avecmagie.com\/wp-content\/uploads\/2025\/05\/Rue_des_Ursulines_frame-768x768.jpg 768w, https:\/\/avecmagie.com\/wp-content\/uploads\/2025\/05\/Rue_des_Ursulines_frame-1536x1536.jpg 1536w, https:\/\/avecmagie.com\/wp-content\/uploads\/2025\/05\/Rue_des_Ursulines_frame-12x12.jpg 12w\" sizes=\"auto, (max-width: 1904px) 100vw, 1904px\" \/><figcaption class=\"wp-element-caption\">Rue des Ursulines<\/figcaption><\/figure>\n<\/div>\n\n\n\n<div class=\"wp-block-group is-vertical is-content-justification-center is-nowrap is-layout-flex wp-container-core-group-is-layout-b1ed2fa5 wp-block-group-is-layout-flex\" style=\"margin-top:0;margin-bottom:0\">\n<figure class=\"wp-block-image size-full is-style-rounded wp-duotone-unset-4 is-style-rounded--3\"><img loading=\"lazy\" decoding=\"async\" width=\"1888\" height=\"1887\" src=\"https:\/\/avecmagie.com\/wp-content\/uploads\/2025\/05\/Pont_Laviolette_frame.jpg\" alt=\"Pont Laviolette - Illustration\" class=\"wp-image-2360\" style=\"aspect-ratio:1;object-fit:cover\" srcset=\"https:\/\/avecmagie.com\/wp-content\/uploads\/2025\/05\/Pont_Laviolette_frame.jpg 1888w, https:\/\/avecmagie.com\/wp-content\/uploads\/2025\/05\/Pont_Laviolette_frame-300x300.jpg 300w, https:\/\/avecmagie.com\/wp-content\/uploads\/2025\/05\/Pont_Laviolette_frame-1024x1024.jpg 1024w, https:\/\/avecmagie.com\/wp-content\/uploads\/2025\/05\/Pont_Laviolette_frame-150x150.jpg 150w, https:\/\/avecmagie.com\/wp-content\/uploads\/2025\/05\/Pont_Laviolette_frame-768x768.jpg 768w, https:\/\/avecmagie.com\/wp-content\/uploads\/2025\/05\/Pont_Laviolette_frame-1536x1536.jpg 1536w, https:\/\/avecmagie.com\/wp-content\/uploads\/2025\/05\/Pont_Laviolette_frame-12x12.jpg 12w\" sizes=\"auto, (max-width: 1888px) 100vw, 1888px\" \/><figcaption class=\"wp-element-caption\">Pont Laviolette<\/figcaption><\/figure>\n<\/div>\n\n\n\n<div class=\"wp-block-group is-vertical is-content-justification-center is-nowrap is-layout-flex wp-container-core-group-is-layout-b1ed2fa5 wp-block-group-is-layout-flex\" style=\"margin-top:0;margin-bottom:0\">\n<figure class=\"wp-block-image size-full is-style-rounded wp-duotone-unset-6 is-style-rounded--5\"><img loading=\"lazy\" decoding=\"async\" width=\"2560\" height=\"2560\" src=\"https:\/\/avecmagie.com\/wp-content\/uploads\/2025\/05\/Porte_frame-scaled.jpg\" alt=\"\" class=\"wp-image-2362\" style=\"aspect-ratio:1;object-fit:cover\" srcset=\"https:\/\/avecmagie.com\/wp-content\/uploads\/2025\/05\/Porte_frame-scaled.jpg 2560w, https:\/\/avecmagie.com\/wp-content\/uploads\/2025\/05\/Porte_frame-300x300.jpg 300w, https:\/\/avecmagie.com\/wp-content\/uploads\/2025\/05\/Porte_frame-1024x1024.jpg 1024w, https:\/\/avecmagie.com\/wp-content\/uploads\/2025\/05\/Porte_frame-150x150.jpg 150w, https:\/\/avecmagie.com\/wp-content\/uploads\/2025\/05\/Porte_frame-768x768.jpg 768w, https:\/\/avecmagie.com\/wp-content\/uploads\/2025\/05\/Porte_frame-1536x1536.jpg 1536w, https:\/\/avecmagie.com\/wp-content\/uploads\/2025\/05\/Porte_frame-2048x2048.jpg 2048w, https:\/\/avecmagie.com\/wp-content\/uploads\/2025\/05\/Porte_frame-12x12.jpg 12w\" sizes=\"auto, (max-width: 2560px) 100vw, 2560px\" \/><figcaption class=\"wp-element-caption\">Porte bleue<\/figcaption><\/figure>\n<\/div>\n\n\n\n<div class=\"wp-block-group is-vertical is-content-justification-center is-nowrap is-layout-flex wp-container-core-group-is-layout-b1ed2fa5 wp-block-group-is-layout-flex\" style=\"margin-top:0;margin-bottom:0\">\n<figure class=\"wp-block-image size-full is-style-rounded wp-duotone-unset-8 is-style-rounded--7\"><img loading=\"lazy\" decoding=\"async\" width=\"1542\" height=\"1542\" src=\"https:\/\/avecmagie.com\/wp-content\/uploads\/2025\/05\/Au_nord_du_pont_frame3.jpg\" alt=\"Au nord du pont - Illustration\" class=\"wp-image-2363\" style=\"aspect-ratio:1;object-fit:cover\" srcset=\"https:\/\/avecmagie.com\/wp-content\/uploads\/2025\/05\/Au_nord_du_pont_frame3.jpg 1542w, https:\/\/avecmagie.com\/wp-content\/uploads\/2025\/05\/Au_nord_du_pont_frame3-300x300.jpg 300w, https:\/\/avecmagie.com\/wp-content\/uploads\/2025\/05\/Au_nord_du_pont_frame3-1024x1024.jpg 1024w, https:\/\/avecmagie.com\/wp-content\/uploads\/2025\/05\/Au_nord_du_pont_frame3-150x150.jpg 150w, https:\/\/avecmagie.com\/wp-content\/uploads\/2025\/05\/Au_nord_du_pont_frame3-768x768.jpg 768w, https:\/\/avecmagie.com\/wp-content\/uploads\/2025\/05\/Au_nord_du_pont_frame3-1536x1536.jpg 1536w, https:\/\/avecmagie.com\/wp-content\/uploads\/2025\/05\/Au_nord_du_pont_frame3-12x12.jpg 12w\" sizes=\"auto, (max-width: 1542px) 100vw, 1542px\" \/><figcaption class=\"wp-element-caption\">Au nord du pont<\/figcaption><\/figure>\n<\/div>\n\n\n\n<div class=\"wp-block-group is-vertical is-content-justification-center is-nowrap is-layout-flex wp-container-core-group-is-layout-b1ed2fa5 wp-block-group-is-layout-flex\" style=\"margin-top:0;margin-bottom:0\">\n<figure class=\"wp-block-image size-full is-style-rounded wp-duotone-unset-10 is-style-rounded--9\"><img loading=\"lazy\" decoding=\"async\" width=\"2560\" height=\"2560\" src=\"https:\/\/avecmagie.com\/wp-content\/uploads\/2025\/05\/Rue_Des_Forges_frame-scaled.jpg\" alt=\"Rue des Forges (avec chats) - Illustration\" class=\"wp-image-2364\" style=\"aspect-ratio:1;object-fit:cover\" srcset=\"https:\/\/avecmagie.com\/wp-content\/uploads\/2025\/05\/Rue_Des_Forges_frame-scaled.jpg 2560w, https:\/\/avecmagie.com\/wp-content\/uploads\/2025\/05\/Rue_Des_Forges_frame-300x300.jpg 300w, https:\/\/avecmagie.com\/wp-content\/uploads\/2025\/05\/Rue_Des_Forges_frame-1024x1024.jpg 1024w, https:\/\/avecmagie.com\/wp-content\/uploads\/2025\/05\/Rue_Des_Forges_frame-150x150.jpg 150w, https:\/\/avecmagie.com\/wp-content\/uploads\/2025\/05\/Rue_Des_Forges_frame-768x768.jpg 768w, https:\/\/avecmagie.com\/wp-content\/uploads\/2025\/05\/Rue_Des_Forges_frame-1536x1536.jpg 1536w, https:\/\/avecmagie.com\/wp-content\/uploads\/2025\/05\/Rue_Des_Forges_frame-2048x2048.jpg 2048w, https:\/\/avecmagie.com\/wp-content\/uploads\/2025\/05\/Rue_Des_Forges_frame-12x12.jpg 12w\" sizes=\"auto, (max-width: 2560px) 100vw, 2560px\" \/><figcaption class=\"wp-element-caption\">Rue des Forges<\/figcaption><\/figure>\n<\/div>\n\n\n\n<div class=\"wp-block-group is-vertical is-content-justification-center is-nowrap is-layout-flex wp-container-core-group-is-layout-b1ed2fa5 wp-block-group-is-layout-flex\" style=\"margin-top:0;margin-bottom:0\">\n<figure class=\"wp-block-image size-full is-style-rounded wp-duotone-unset-12 is-style-rounded--11\"><img loading=\"lazy\" decoding=\"async\" width=\"2319\" height=\"2319\" src=\"https:\/\/avecmagie.com\/wp-content\/uploads\/2025\/05\/Riv_frame2.jpg\" alt=\"RIV - Illustration\" class=\"wp-image-2365\" style=\"aspect-ratio:1;object-fit:cover\" srcset=\"https:\/\/avecmagie.com\/wp-content\/uploads\/2025\/05\/Riv_frame2.jpg 2319w, https:\/\/avecmagie.com\/wp-content\/uploads\/2025\/05\/Riv_frame2-300x300.jpg 300w, https:\/\/avecmagie.com\/wp-content\/uploads\/2025\/05\/Riv_frame2-1024x1024.jpg 1024w, https:\/\/avecmagie.com\/wp-content\/uploads\/2025\/05\/Riv_frame2-150x150.jpg 150w, https:\/\/avecmagie.com\/wp-content\/uploads\/2025\/05\/Riv_frame2-768x768.jpg 768w, https:\/\/avecmagie.com\/wp-content\/uploads\/2025\/05\/Riv_frame2-1536x1536.jpg 1536w, https:\/\/avecmagie.com\/wp-content\/uploads\/2025\/05\/Riv_frame2-2048x2048.jpg 2048w, https:\/\/avecmagie.com\/wp-content\/uploads\/2025\/05\/Riv_frame2-12x12.jpg 12w\" sizes=\"auto, (max-width: 2319px) 100vw, 2319px\" \/><figcaption class=\"wp-element-caption\">RIV<\/figcaption><\/figure>\n<\/div>\n\n\n\n<div class=\"wp-block-group is-vertical is-content-justification-center is-nowrap is-layout-flex wp-container-core-group-is-layout-b1ed2fa5 wp-block-group-is-layout-flex\" style=\"margin-top:0;margin-bottom:0\">\n<figure class=\"wp-block-image size-full is-style-rounded wp-duotone-unset-14 is-style-rounded--13\"><img loading=\"lazy\" decoding=\"async\" width=\"1597\" height=\"1596\" src=\"https:\/\/avecmagie.com\/wp-content\/uploads\/2025\/05\/Plage_A_Bozo_frame.jpg\" alt=\"Plage \u00e0 Bozo, Pointe-du-Lac - Illustration\" class=\"wp-image-2366\" style=\"aspect-ratio:1;object-fit:cover\" srcset=\"https:\/\/avecmagie.com\/wp-content\/uploads\/2025\/05\/Plage_A_Bozo_frame.jpg 1597w, https:\/\/avecmagie.com\/wp-content\/uploads\/2025\/05\/Plage_A_Bozo_frame-300x300.jpg 300w, https:\/\/avecmagie.com\/wp-content\/uploads\/2025\/05\/Plage_A_Bozo_frame-1024x1024.jpg 1024w, https:\/\/avecmagie.com\/wp-content\/uploads\/2025\/05\/Plage_A_Bozo_frame-150x150.jpg 150w, https:\/\/avecmagie.com\/wp-content\/uploads\/2025\/05\/Plage_A_Bozo_frame-768x768.jpg 768w, https:\/\/avecmagie.com\/wp-content\/uploads\/2025\/05\/Plage_A_Bozo_frame-1536x1536.jpg 1536w, https:\/\/avecmagie.com\/wp-content\/uploads\/2025\/05\/Plage_A_Bozo_frame-12x12.jpg 12w\" sizes=\"auto, (max-width: 1597px) 100vw, 1597px\" \/><figcaption class=\"wp-element-caption\">Kite surf \u00e0 la Plage \u00e0 Bozo, Pointe-du-Lac<\/figcaption><\/figure>\n<\/div>\n\n\n\n<div class=\"wp-block-group is-vertical is-content-justification-center is-nowrap is-layout-flex wp-container-core-group-is-layout-b1ed2fa5 wp-block-group-is-layout-flex\" style=\"margin-top:0;margin-bottom:0\">\n<figure class=\"wp-block-image size-full is-style-rounded wp-duotone-unset-16 is-style-rounded--15\"><img loading=\"lazy\" decoding=\"async\" width=\"1800\" height=\"1799\" src=\"https:\/\/avecmagie.com\/wp-content\/uploads\/2025\/05\/MoulinSeigneurial_frame.jpg\" alt=\"Moulin Seigneurial de Pointe-du-Lac - Illustration\" class=\"wp-image-2367\" style=\"aspect-ratio:1;object-fit:cover\" srcset=\"https:\/\/avecmagie.com\/wp-content\/uploads\/2025\/05\/MoulinSeigneurial_frame.jpg 1800w, https:\/\/avecmagie.com\/wp-content\/uploads\/2025\/05\/MoulinSeigneurial_frame-300x300.jpg 300w, https:\/\/avecmagie.com\/wp-content\/uploads\/2025\/05\/MoulinSeigneurial_frame-1024x1024.jpg 1024w, https:\/\/avecmagie.com\/wp-content\/uploads\/2025\/05\/MoulinSeigneurial_frame-150x150.jpg 150w, https:\/\/avecmagie.com\/wp-content\/uploads\/2025\/05\/MoulinSeigneurial_frame-768x768.jpg 768w, https:\/\/avecmagie.com\/wp-content\/uploads\/2025\/05\/MoulinSeigneurial_frame-1536x1536.jpg 1536w, https:\/\/avecmagie.com\/wp-content\/uploads\/2025\/05\/MoulinSeigneurial_frame-12x12.jpg 12w\" sizes=\"auto, (max-width: 1800px) 100vw, 1800px\" \/><figcaption class=\"wp-element-caption\">Moulin Seigneurial, Pointe-du-Lac<\/figcaption><\/figure>\n<\/div>\n<\/div>\n\n\n\n<div style=\"height:var(--wp--preset--spacing--20)\" aria-hidden=\"true\" class=\"wp-block-spacer\"><\/div>\n\n\n\n<p class=\"has-text-align-center has-medium-font-size\">Disponible sous forme d&rsquo;<strong>impressions 8&#215;10<\/strong> and <strong>cartes postales<\/strong> en boutique au : <a href=\"https:\/\/www.le507.coop\/\" target=\"_blank\" rel=\"noreferrer noopener\">Coop Le 507<\/a> et au <a href=\"https:\/\/planterosette.square.site\/\" target=\"_blank\" rel=\"noreferrer noopener\">Caf\u00e9 Rosette<\/a>, \u00e0 Trois-Rivi\u00e8res.<\/p>\n\n\n\n<div style=\"height:var(--wp--preset--spacing--30)\" aria-hidden=\"true\" class=\"wp-block-spacer\"><\/div>","protected":false},"excerpt":{"rendered":"<p>Collection Trois-Rivi\u00e8res, chez nous. Collection 2025. Parce que c\u2019est un bon point de d\u00e9part avant de partir en p\u00e9riple. Et aussi parce que quand on commence \u00e0 chercher de la magie, on en trouve partout dans les lieux qui enveloppent les aventures de la routine et l\u2019amour au quotidien. Disponible sous forme d&rsquo;impressions 8&#215;10 et [&hellip;]<\/p>\n","protected":false},"author":2,"featured_media":2361,"parent":41,"menu_order":0,"comment_status":"closed","ping_status":"closed","template":"","meta":{"_gspb_post_css":"","_monsterinsights_skip_tracking":false,"_monsterinsights_sitenote_active":false,"_monsterinsights_sitenote_note":"","_monsterinsights_sitenote_category":0,"footnotes":""},"class_list":["post-2359","page","type-page","status-publish","has-post-thumbnail","hentry"],"_links":{"self":[{"href":"https:\/\/avecmagie.com\/en\/wp-json\/wp\/v2\/pages\/2359","targetHints":{"allow":["GET"]}}],"collection":[{"href":"https:\/\/avecmagie.com\/en\/wp-json\/wp\/v2\/pages"}],"about":[{"href":"https:\/\/avecmagie.com\/en\/wp-json\/wp\/v2\/types\/page"}],"author":[{"embeddable":true,"href":"https:\/\/avecmagie.com\/en\/wp-json\/wp\/v2\/users\/2"}],"replies":[{"embeddable":true,"href":"https:\/\/avecmagie.com\/en\/wp-json\/wp\/v2\/comments?post=2359"}],"version-history":[{"count":21,"href":"https:\/\/avecmagie.com\/en\/wp-json\/wp\/v2\/pages\/2359\/revisions"}],"predecessor-version":[{"id":2816,"href":"https:\/\/avecmagie.com\/en\/wp-json\/wp\/v2\/pages\/2359\/revisions\/2816"}],"up":[{"embeddable":true,"href":"https:\/\/avecmagie.com\/en\/wp-json\/wp\/v2\/pages\/41"}],"wp:featuredmedia":[{"embeddable":true,"href":"https:\/\/avecmagie.com\/en\/wp-json\/wp\/v2\/media\/2361"}],"wp:attachment":[{"href":"https:\/\/avecmagie.com\/en\/wp-json\/wp\/v2\/media?parent=2359"}],"curies":[{"name":"wp","href":"https:\/\/api.w.org\/{rel}","templated":true}]}}