{"id":170,"date":"2024-06-25T21:27:10","date_gmt":"2024-06-25T21:27:10","guid":{"rendered":"https:\/\/avecmagie.com\/?page_id=170"},"modified":"2024-10-18T00:20:07","modified_gmt":"2024-10-18T00:20:07","slug":"epris-de-toi","status":"publish","type":"page","link":"https:\/\/avecmagie.com\/en\/boutique\/animaux\/epris-de-toi\/","title":{"rendered":"Tangled up with you"},"content":{"rendered":"<div class=\"wp-block-group alignfull has-global-padding is-layout-constrained wp-container-core-group-is-layout-f90d3be4 wp-block-group-is-layout-constrained\" style=\"padding-top:var(--wp--preset--spacing--40);padding-right:var(--wp--preset--spacing--30);padding-bottom:var(--wp--preset--spacing--40);padding-left:var(--wp--preset--spacing--30)\">\n<div class=\"wp-block-columns alignwide are-vertically-aligned-center is-layout-flex wp-container-core-columns-is-layout-658170e2 wp-block-columns-is-layout-flex\">\n<div class=\"wp-block-column is-vertically-aligned-center is-layout-flow wp-block-column-is-layout-flow\" style=\"flex-basis:33%\">\n<figure class=\"wp-block-image size-large wp-duotone-unset-1\"><img loading=\"lazy\" decoding=\"async\" width=\"1024\" height=\"1024\" src=\"https:\/\/avecmagie.com\/wp-content\/uploads\/2024\/06\/IMG_0329-1024x1024.jpg\" alt=\"M\u00e9duses - Jellyfish\" class=\"wp-image-146\" style=\"object-fit:cover\" srcset=\"\" sizes=\"auto, (max-width: 1024px) 100vw, 1024px\" data-srcset=\"\" \/><\/figure>\n<\/div>\n\n\n\n<div class=\"wp-block-column is-vertically-aligned-center is-layout-flow wp-block-column-is-layout-flow\">\n<p class=\"has-small-font-size\"><a href=\"https:\/\/avecmagie.com\/en\/boutique\/\">Shop<\/a> :<br>Category <a data-type=\"page\" data-id=\"125\" href=\"https:\/\/avecmagie.com\/en\/boutique\/animaux\/\">Animals<\/a><\/p>\n\n\n<h1 class=\"wp-block-post-title\">Tangled up with you<\/h1>\n\n\n<p class=\"has-large-font-size\">An aquatic symbiosis to celebrate romantic love.<\/p>\n\n\n\n<p class=\"has-small-font-size\">\u00ab\u00a0Je l&rsquo;ai cr\u00e9\u00e9e pour la Saint-Valentin, en me disant que \u00e7a ferait une jolie carte de voeux pour un amoureux.\u00a0\u00bb &#8211; \u00c9milie<\/p>\n\n\n\n<div class=\"wp-block-group is-nowrap is-layout-flex wp-container-core-group-is-layout-6c531013 wp-block-group-is-layout-flex\">\n<figure class=\"wp-block-image size-medium is-resized wp-duotone-unset-2\"><img loading=\"lazy\" decoding=\"async\" width=\"300\" height=\"300\" src=\"https:\/\/avecmagie.com\/wp-content\/uploads\/2024\/06\/Jellyfish_PurpleBlue_UpTo24Inches-300x300.jpg\" alt=\"M\u00e9duses - Jellyfish - Bleu et mauve\" class=\"wp-image-171\" style=\"width:100px\" srcset=\"https:\/\/avecmagie.com\/wp-content\/uploads\/2024\/06\/Jellyfish_PurpleBlue_UpTo24Inches-300x300.jpg 300w, https:\/\/avecmagie.com\/wp-content\/uploads\/2024\/06\/Jellyfish_PurpleBlue_UpTo24Inches-1024x1024.jpg 1024w, https:\/\/avecmagie.com\/wp-content\/uploads\/2024\/06\/Jellyfish_PurpleBlue_UpTo24Inches-150x150.jpg 150w, https:\/\/avecmagie.com\/wp-content\/uploads\/2024\/06\/Jellyfish_PurpleBlue_UpTo24Inches-768x768.jpg 768w, https:\/\/avecmagie.com\/wp-content\/uploads\/2024\/06\/Jellyfish_PurpleBlue_UpTo24Inches-1536x1536.jpg 1536w, https:\/\/avecmagie.com\/wp-content\/uploads\/2024\/06\/Jellyfish_PurpleBlue_UpTo24Inches-2048x2048.jpg 2048w, https:\/\/avecmagie.com\/wp-content\/uploads\/2024\/06\/Jellyfish_PurpleBlue_UpTo24Inches-12x12.jpg 12w\" sizes=\"auto, (max-width: 300px) 100vw, 300px\" \/><\/figure>\n\n\n\n<figure class=\"wp-block-image size-medium is-resized wp-duotone-unset-3\"><img loading=\"lazy\" decoding=\"async\" width=\"300\" height=\"300\" src=\"https:\/\/avecmagie.com\/wp-content\/uploads\/2024\/06\/Jellyfish_PinkTeal_UpTo24Inches-300x300.jpg\" alt=\"M\u00e9duses - Jellyfish - Rose et sarcelle\" class=\"wp-image-172\" style=\"width:100px\" srcset=\"https:\/\/avecmagie.com\/wp-content\/uploads\/2024\/06\/Jellyfish_PinkTeal_UpTo24Inches-300x300.jpg 300w, https:\/\/avecmagie.com\/wp-content\/uploads\/2024\/06\/Jellyfish_PinkTeal_UpTo24Inches-1024x1024.jpg 1024w, https:\/\/avecmagie.com\/wp-content\/uploads\/2024\/06\/Jellyfish_PinkTeal_UpTo24Inches-150x150.jpg 150w, https:\/\/avecmagie.com\/wp-content\/uploads\/2024\/06\/Jellyfish_PinkTeal_UpTo24Inches-768x768.jpg 768w, https:\/\/avecmagie.com\/wp-content\/uploads\/2024\/06\/Jellyfish_PinkTeal_UpTo24Inches-1536x1536.jpg 1536w, https:\/\/avecmagie.com\/wp-content\/uploads\/2024\/06\/Jellyfish_PinkTeal_UpTo24Inches-2048x2048.jpg 2048w, https:\/\/avecmagie.com\/wp-content\/uploads\/2024\/06\/Jellyfish_PinkTeal_UpTo24Inches-12x12.jpg 12w\" sizes=\"auto, (max-width: 300px) 100vw, 300px\" \/><\/figure>\n<\/div>\n<\/div>\n<\/div>\n<\/div>\n\n\n\n<div class=\"wp-block-group alignfull has-base-2-background-color has-background has-global-padding is-layout-constrained wp-container-core-group-is-layout-d5d53815 wp-block-group-is-layout-constrained\" style=\"margin-top:0;margin-bottom:0;padding-top:var(--wp--preset--spacing--30);padding-right:var(--wp--preset--spacing--30);padding-bottom:var(--wp--preset--spacing--30);padding-left:var(--wp--preset--spacing--30)\">\n<div class=\"wp-block-columns alignwide are-vertically-aligned-center is-layout-flex wp-container-core-columns-is-layout-47c06fe3 wp-block-columns-is-layout-flex\">\n<div class=\"wp-block-column is-vertically-aligned-center is-layout-flow wp-block-column-is-layout-flow\" style=\"flex-basis:50%\">\n<h2 class=\"wp-block-heading\">Poster, cartes et autres produits sur RedBubble<\/h2>\n\n\n\n<p class=\"has-large-font-size\">14$+<\/p>\n\n\n\n<p class=\"has-small-font-size\">Parfait pour :<\/p>\n\n\n\n<ul style=\"line-height:1.75\" class=\"wp-block-list is-style-checkmark-list\">\n<li>Anniversaire de mariage ou de couple.<\/li>\n\n\n\n<li>Nouvelle flamme.<\/li>\n\n\n\n<li>Saint-Valentin.<\/li>\n<\/ul>\n\n\n\n<div class=\"wp-block-buttons is-layout-flex wp-block-buttons-is-layout-flex\">\n<div class=\"wp-block-button is-style-fill\"><a class=\"wp-block-button__link wp-element-button\" href=\"https:\/\/www.redbubble.com\/fr\/i\/poster\/%C3%89pris-de-toi-M%C3%A9duses-rose-et-rouge-par-emiliewhite\/158114321.LVTDI?asc=u\" target=\"_blank\" rel=\"noreferrer noopener\">Poster rose et rouge<\/a><\/div>\n\n\n\n<div class=\"wp-block-button is-style-outline is-style-outline--4\"><a class=\"wp-block-button__link wp-element-button\" href=\"https:\/\/www.redbubble.com\/fr\/shop\/ap\/158114321\" target=\"_blank\" rel=\"noreferrer noopener\">Tous les produits &#8211; Version rose et rouge<\/a><\/div>\n\n\n\n<div class=\"wp-block-button is-style-outline is-style-outline--5\"><a class=\"wp-block-button__link wp-element-button\" href=\"https:\/\/www.redbubble.com\/fr\/shop\/ap\/158114676\" target=\"_blank\" rel=\"noreferrer noopener\">Tous les produits &#8211; Version rose et turquoise<\/a><\/div>\n\n\n\n<div class=\"wp-block-button is-style-outline is-style-outline--6\"><a class=\"wp-block-button__link wp-element-button\" href=\"https:\/\/www.redbubble.com\/fr\/shop\/ap\/158114849\" target=\"_blank\" rel=\"noreferrer noopener\">Tous les produits &#8211; Version violette et bleue<\/a><\/div>\n<\/div>\n<\/div>\n\n\n\n<div class=\"wp-block-column is-vertically-aligned-center is-layout-flow wp-block-column-is-layout-flow\" style=\"flex-basis:50%\">\n<figure class=\"wp-block-image size-full is-style-rounded wp-duotone-unset-8 is-style-rounded--7\"><img loading=\"lazy\" decoding=\"async\" width=\"664\" height=\"664\" src=\"https:\/\/avecmagie.com\/wp-content\/uploads\/2024\/10\/work-158114321-poster_crop.jpg\" alt=\"Poster - Jellyfish in love - Pink and red\" class=\"wp-image-976\" style=\"aspect-ratio:1;object-fit:cover\" srcset=\"https:\/\/avecmagie.com\/wp-content\/uploads\/2024\/10\/work-158114321-poster_crop.jpg 664w, https:\/\/avecmagie.com\/wp-content\/uploads\/2024\/10\/work-158114321-poster_crop-300x300.jpg 300w, https:\/\/avecmagie.com\/wp-content\/uploads\/2024\/10\/work-158114321-poster_crop-150x150.jpg 150w, https:\/\/avecmagie.com\/wp-content\/uploads\/2024\/10\/work-158114321-poster_crop-12x12.jpg 12w\" sizes=\"auto, (max-width: 664px) 100vw, 664px\" \/><\/figure>\n<\/div>\n<\/div>\n<\/div>\n\n\n\n<p><\/p>","protected":false},"excerpt":{"rendered":"<p>Boutique :Cat\u00e9gorie Animaux Une symbiose aquatique pour c\u00e9l\u00e9brer l&rsquo;amour romantique. \u00ab\u00a0Je l&rsquo;ai cr\u00e9\u00e9e pour la Saint-Valentin, en me disant que \u00e7a ferait une jolie carte de voeux pour un amoureux.\u00a0\u00bb &#8211; \u00c9milie Poster, cartes et autres produits sur RedBubble 14$+ Parfait pour :<\/p>","protected":false},"author":2,"featured_media":976,"parent":125,"menu_order":0,"comment_status":"closed","ping_status":"closed","template":"","meta":{"_gspb_post_css":"","_monsterinsights_skip_tracking":false,"_monsterinsights_sitenote_active":false,"_monsterinsights_sitenote_note":"","_monsterinsights_sitenote_category":0,"footnotes":""},"class_list":["post-170","page","type-page","status-publish","has-post-thumbnail","hentry"],"_links":{"self":[{"href":"https:\/\/avecmagie.com\/en\/wp-json\/wp\/v2\/pages\/170","targetHints":{"allow":["GET"]}}],"collection":[{"href":"https:\/\/avecmagie.com\/en\/wp-json\/wp\/v2\/pages"}],"about":[{"href":"https:\/\/avecmagie.com\/en\/wp-json\/wp\/v2\/types\/page"}],"author":[{"embeddable":true,"href":"https:\/\/avecmagie.com\/en\/wp-json\/wp\/v2\/users\/2"}],"replies":[{"embeddable":true,"href":"https:\/\/avecmagie.com\/en\/wp-json\/wp\/v2\/comments?post=170"}],"version-history":[{"count":9,"href":"https:\/\/avecmagie.com\/en\/wp-json\/wp\/v2\/pages\/170\/revisions"}],"predecessor-version":[{"id":978,"href":"https:\/\/avecmagie.com\/en\/wp-json\/wp\/v2\/pages\/170\/revisions\/978"}],"up":[{"embeddable":true,"href":"https:\/\/avecmagie.com\/en\/wp-json\/wp\/v2\/pages\/125"}],"wp:featuredmedia":[{"embeddable":true,"href":"https:\/\/avecmagie.com\/en\/wp-json\/wp\/v2\/media\/976"}],"wp:attachment":[{"href":"https:\/\/avecmagie.com\/en\/wp-json\/wp\/v2\/media?parent=170"}],"curies":[{"name":"wp","href":"https:\/\/api.w.org\/{rel}","templated":true}]}}