{"id":123,"date":"2024-06-25T15:11:38","date_gmt":"2024-06-25T15:11:38","guid":{"rendered":"https:\/\/avecmagie.com\/?page_id=123"},"modified":"2024-10-18T00:21:23","modified_gmt":"2024-10-18T00:21:23","slug":"le-toucan","status":"publish","type":"page","link":"https:\/\/avecmagie.com\/en\/boutique\/animaux\/le-toucan\/","title":{"rendered":"The Toucan"},"content":{"rendered":"<div class=\"wp-block-group alignfull has-global-padding is-layout-constrained wp-container-core-group-is-layout-f90d3be4 wp-block-group-is-layout-constrained\" style=\"padding-top:var(--wp--preset--spacing--40);padding-right:var(--wp--preset--spacing--30);padding-bottom:var(--wp--preset--spacing--40);padding-left:var(--wp--preset--spacing--30)\">\n<div class=\"wp-block-columns alignwide are-vertically-aligned-top is-layout-flex wp-container-core-columns-is-layout-658170e2 wp-block-columns-is-layout-flex\">\n<div class=\"wp-block-column is-vertically-aligned-top is-layout-flow wp-block-column-is-layout-flow\" style=\"flex-basis:33%\">\n<figure class=\"wp-block-image size-full wp-duotone-unset-1\"><img loading=\"lazy\" decoding=\"async\" width=\"2560\" height=\"2560\" src=\"https:\/\/avecmagie.com\/wp-content\/uploads\/2024\/06\/Toucan-01-scaled.jpg\" alt=\"Toucan art print\" class=\"wp-image-80\" style=\"object-fit:cover\" srcset=\"https:\/\/avecmagie.com\/wp-content\/uploads\/2024\/06\/Toucan-01-scaled.jpg 2560w, https:\/\/avecmagie.com\/wp-content\/uploads\/2024\/06\/Toucan-01-300x300.jpg 300w, https:\/\/avecmagie.com\/wp-content\/uploads\/2024\/06\/Toucan-01-1024x1024.jpg 1024w, https:\/\/avecmagie.com\/wp-content\/uploads\/2024\/06\/Toucan-01-150x150.jpg 150w, https:\/\/avecmagie.com\/wp-content\/uploads\/2024\/06\/Toucan-01-768x768.jpg 768w, https:\/\/avecmagie.com\/wp-content\/uploads\/2024\/06\/Toucan-01-1536x1536.jpg 1536w, https:\/\/avecmagie.com\/wp-content\/uploads\/2024\/06\/Toucan-01-2048x2048.jpg 2048w, https:\/\/avecmagie.com\/wp-content\/uploads\/2024\/06\/Toucan-01-12x12.jpg 12w\" sizes=\"auto, (max-width: 2560px) 100vw, 2560px\" \/><\/figure>\n<\/div>\n\n\n\n<div class=\"wp-block-column is-vertically-aligned-top is-layout-flow wp-block-column-is-layout-flow\">\n<p class=\"has-small-font-size\"><a href=\"https:\/\/avecmagie.com\/en\/boutique\/\">Shop<\/a> :<br>Collection <a data-type=\"page\" data-id=\"125\" href=\"https:\/\/avecmagie.com\/en\/boutique\/animaux\/\">Animals<\/a><\/p>\n\n\n<h1 class=\"wp-block-post-title\">The Toucan<\/h1>\n\n\n<p class=\"has-large-font-size\">An exotic bird in moody colours, for a tropical touch.<\/p>\n\n\n\n<div class=\"wp-block-group is-nowrap is-layout-flex wp-container-core-group-is-layout-6c531013 wp-block-group-is-layout-flex\">\n<p class=\"has-small-font-size\">J&rsquo;ai cr\u00e9\u00e9 cette illustration pour une galerie murale dans ma salle de bain. La pi\u00e8ce est d\u00e9cor\u00e9e avec une vibe \u00ab\u00a0cascade secr\u00e8te dans la jungle\u00a0\u00bb (oui c&rsquo;est assez pr\u00e9cis, haha!) et ce toucan sombre et color\u00e9 vient renforcer le mood que je recherchais.<\/p>\n\n\n\n<figure class=\"wp-block-image size-medium is-resized wp-duotone-unset-2\"><img loading=\"lazy\" decoding=\"async\" width=\"300\" height=\"300\" src=\"https:\/\/avecmagie.com\/wp-content\/uploads\/2024\/06\/IMG_3641-300x300.jpg\" alt=\"\" class=\"wp-image-118\" style=\"width:150px\" srcset=\"https:\/\/avecmagie.com\/wp-content\/uploads\/2024\/06\/IMG_3641-300x300.jpg 300w, https:\/\/avecmagie.com\/wp-content\/uploads\/2024\/06\/IMG_3641-1024x1024.jpg 1024w, https:\/\/avecmagie.com\/wp-content\/uploads\/2024\/06\/IMG_3641-150x150.jpg 150w, https:\/\/avecmagie.com\/wp-content\/uploads\/2024\/06\/IMG_3641-768x768.jpg 768w, https:\/\/avecmagie.com\/wp-content\/uploads\/2024\/06\/IMG_3641-1536x1536.jpg 1536w, https:\/\/avecmagie.com\/wp-content\/uploads\/2024\/06\/IMG_3641-2048x2048.jpg 2048w, https:\/\/avecmagie.com\/wp-content\/uploads\/2024\/06\/IMG_3641-12x12.jpg 12w\" sizes=\"auto, (max-width: 300px) 100vw, 300px\" \/><\/figure>\n<\/div>\n\n\n\n<p class=\"has-small-font-size\">Avec les grandes feuilles de monstera sarcelles, l&rsquo;arri\u00e8re-plan sombre, ses lignes pures et son plumage aux couleurs de joyaux, cet oiseau tropical revet un air de myst\u00e8re.<\/p>\n<\/div>\n<\/div>\n<\/div>\n\n\n\n<div class=\"wp-block-group alignfull has-background has-global-padding is-layout-constrained wp-container-core-group-is-layout-d5d53815 wp-block-group-is-layout-constrained\" style=\"background:linear-gradient(135deg,rgb(235,235,235) 0%,rgb(235,235,235) 99%);margin-top:0;margin-bottom:0;padding-top:var(--wp--preset--spacing--30);padding-right:var(--wp--preset--spacing--30);padding-bottom:var(--wp--preset--spacing--30);padding-left:var(--wp--preset--spacing--30)\">\n<div class=\"wp-block-columns alignwide are-vertically-aligned-center is-layout-flex wp-container-core-columns-is-layout-47c06fe3 wp-block-columns-is-layout-flex\">\n<div class=\"wp-block-column is-vertically-aligned-center is-layout-flow wp-block-column-is-layout-flow\" style=\"flex-basis:50%\">\n<h2 class=\"wp-block-heading\">Available as wall art on Society6<\/h2>\n\n\n\n<p class=\"has-large-font-size\">20$+<\/p>\n\n\n\n<p class=\"has-small-font-size\">This site offers nice options for wall art.<\/p>\n\n\n\n<ul style=\"line-height:1.75\" class=\"wp-block-list is-style-checkmark-list\">\n<li>Quality frames and art prints.<\/li>\n\n\n\n<li>Ready-to-hang products.<\/li>\n\n\n\n<li>Multiple options with or without frame.<\/li>\n<\/ul>\n\n\n\n<div class=\"wp-block-buttons is-layout-flex wp-block-buttons-is-layout-flex\">\n<div class=\"wp-block-button\"><a class=\"wp-block-button__link wp-element-button\" href=\"https:\/\/society6.com\/art\/toucan8860145\" target=\"_blank\" rel=\"noreferrer noopener\">View wall art<\/a><\/div>\n<\/div>\n<\/div>\n\n\n\n<div class=\"wp-block-column is-vertically-aligned-center is-layout-flow wp-block-column-is-layout-flow\" style=\"flex-basis:50%\">\n<figure class=\"wp-block-image size-full is-style-rounded wp-duotone-unset-4 is-style-rounded--3\"><img loading=\"lazy\" decoding=\"async\" width=\"700\" height=\"700\" src=\"https:\/\/avecmagie.com\/wp-content\/uploads\/2024\/06\/toucan-framed.jpg\" alt=\"Toucan - art encadrement\" class=\"wp-image-105\" style=\"aspect-ratio:1;object-fit:cover\" srcset=\"https:\/\/avecmagie.com\/wp-content\/uploads\/2024\/06\/toucan-framed.jpg 700w, https:\/\/avecmagie.com\/wp-content\/uploads\/2024\/06\/toucan-framed-300x300.jpg 300w, https:\/\/avecmagie.com\/wp-content\/uploads\/2024\/06\/toucan-framed-150x150.jpg 150w, https:\/\/avecmagie.com\/wp-content\/uploads\/2024\/06\/toucan-framed-12x12.jpg 12w\" sizes=\"auto, (max-width: 700px) 100vw, 700px\" \/><figcaption class=\"wp-element-caption\">Frames<\/figcaption><\/figure>\n<\/div>\n<\/div>\n<\/div>","protected":false},"excerpt":{"rendered":"<p>Boutique :Collection Animaux Un oiseau exotique aux couleurs feutr\u00e9es, pour une touche tropicale. J&rsquo;ai cr\u00e9\u00e9 cette illustration pour une galerie murale dans ma salle de bain. La pi\u00e8ce est d\u00e9cor\u00e9e avec une vibe \u00ab\u00a0cascade secr\u00e8te dans la jungle\u00a0\u00bb (oui c&rsquo;est assez pr\u00e9cis, haha!) et ce toucan sombre et color\u00e9 vient renforcer le mood que je [&hellip;]<\/p>\n","protected":false},"author":2,"featured_media":105,"parent":125,"menu_order":0,"comment_status":"closed","ping_status":"closed","template":"","meta":{"_gspb_post_css":"","_monsterinsights_skip_tracking":false,"_monsterinsights_sitenote_active":false,"_monsterinsights_sitenote_note":"","_monsterinsights_sitenote_category":0,"footnotes":""},"class_list":["post-123","page","type-page","status-publish","has-post-thumbnail","hentry"],"_links":{"self":[{"href":"https:\/\/avecmagie.com\/en\/wp-json\/wp\/v2\/pages\/123","targetHints":{"allow":["GET"]}}],"collection":[{"href":"https:\/\/avecmagie.com\/en\/wp-json\/wp\/v2\/pages"}],"about":[{"href":"https:\/\/avecmagie.com\/en\/wp-json\/wp\/v2\/types\/page"}],"author":[{"embeddable":true,"href":"https:\/\/avecmagie.com\/en\/wp-json\/wp\/v2\/users\/2"}],"replies":[{"embeddable":true,"href":"https:\/\/avecmagie.com\/en\/wp-json\/wp\/v2\/comments?post=123"}],"version-history":[{"count":30,"href":"https:\/\/avecmagie.com\/en\/wp-json\/wp\/v2\/pages\/123\/revisions"}],"predecessor-version":[{"id":979,"href":"https:\/\/avecmagie.com\/en\/wp-json\/wp\/v2\/pages\/123\/revisions\/979"}],"up":[{"embeddable":true,"href":"https:\/\/avecmagie.com\/en\/wp-json\/wp\/v2\/pages\/125"}],"wp:featuredmedia":[{"embeddable":true,"href":"https:\/\/avecmagie.com\/en\/wp-json\/wp\/v2\/media\/105"}],"wp:attachment":[{"href":"https:\/\/avecmagie.com\/en\/wp-json\/wp\/v2\/media?parent=123"}],"curies":[{"name":"wp","href":"https:\/\/api.w.org\/{rel}","templated":true}]}}